{"id":2152,"date":"2025-01-23T14:43:59","date_gmt":"2025-01-23T14:43:59","guid":{"rendered":"https:\/\/12blatt2.reber.io\/?post_type=product&#038;p=2152"},"modified":"2026-01-08T16:27:10","modified_gmt":"2026-01-08T15:27:10","slug":"the-first-box","status":"publish","type":"product","link":"https:\/\/www.12blatt.com\/en\/product\/the-first-box\/","title":{"rendered":"THE FIRST BOX"},"content":{"rendered":"<p>Von der Grafik \u00fcber den Druckprozess, von der speziellen Aufmachung bis zur Verpackung entstehen hochwertige Produkte. F\u00fcr das Erreichen einer optimalen Farbbrillianz arbeiten wir im qualitativ hochstehenden Druck.<\/p>\n<p>Unsere Lieferanten haben wir sorgf\u00e4ltig ausgew\u00e4hlt. Uns interessiert die Herkunft der Materialien und wer dahinter steht.<\/p>","protected":false},"excerpt":{"rendered":"<p>Wir bieten neu die Serie THE FIRST als Monatskarten an, wieder mit Sujets voller Humor, leuchtenden Farben und minimalistischem Design.<br \/>\nDiese sind verpackt in einer edlen weissen Kartonschachtel.<\/p>\n<p>Mit der hinter den Karten liegenden R\u00fcckenst\u00fctze l\u00e4sst sich daraus ein Tischkalender erstellen.<\/p>\n<p>Anbei sehen Sie die Bilder dieser Kartenserie.<\/p>","protected":false},"featured_media":2154,"comment_status":"closed","ping_status":"closed","template":"","meta":{"_uag_custom_page_level_css":"","site-sidebar-layout":"default","site-content-layout":"content-boxed-container","ast-site-content-layout":"default","site-content-style":"default","site-sidebar-style":"default","ast-global-header-display":"","ast-banner-title-visibility":"","ast-main-header-display":"","ast-hfb-above-header-display":"","ast-hfb-below-header-display":"","ast-hfb-mobile-header-display":"","site-post-title":"","ast-breadcrumbs-content":"","ast-featured-img":"","footer-sml-layout":"","ast-disable-related-posts":"","theme-transparent-header-meta":"default","adv-header-id-meta":"","stick-header-meta":"enabled","header-above-stick-meta":"","header-main-stick-meta":"","header-below-stick-meta":"","astra-migrate-meta-layouts":"set","ast-page-background-enabled":"default","ast-page-background-meta":{"desktop":{"background-color":"var(--ast-global-color-4)","background-image":"","background-repeat":"repeat","background-position":"center center","background-size":"auto","background-attachment":"scroll","background-type":"","background-media":"","overlay-type":"","overlay-color":"","overlay-opacity":"","overlay-gradient":""},"tablet":{"background-color":"","background-image":"","background-repeat":"repeat","background-position":"center center","background-size":"auto","background-attachment":"scroll","background-type":"","background-media":"","overlay-type":"","overlay-color":"","overlay-opacity":"","overlay-gradient":""},"mobile":{"background-color":"","background-image":"","background-repeat":"repeat","background-position":"center center","background-size":"auto","background-attachment":"scroll","background-type":"","background-media":"","overlay-type":"","overlay-color":"","overlay-opacity":"","overlay-gradient":""}},"ast-content-background-meta":{"desktop":{"background-color":"var(--ast-global-color-5)","background-image":"","background-repeat":"repeat","background-position":"center center","background-size":"auto","background-attachment":"scroll","background-type":"","background-media":"","overlay-type":"","overlay-color":"","overlay-opacity":"","overlay-gradient":""},"tablet":{"background-color":"var(--ast-global-color-5)","background-image":"","background-repeat":"repeat","background-position":"center center","background-size":"auto","background-attachment":"scroll","background-type":"","background-media":"","overlay-type":"","overlay-color":"","overlay-opacity":"","overlay-gradient":""},"mobile":{"background-color":"var(--ast-global-color-5)","background-image":"","background-repeat":"repeat","background-position":"center center","background-size":"auto","background-attachment":"scroll","background-type":"","background-media":"","overlay-type":"","overlay-color":"","overlay-opacity":"","overlay-gradient":""}}},"product_brand":[],"product_cat":[38,36],"product_tag":[],"class_list":{"0":"post-2152","1":"product","2":"type-product","3":"status-publish","4":"has-post-thumbnail","6":"product_cat-box","7":"product_cat-kalender","8":"desktop-align-left","9":"tablet-align-left","10":"mobile-align-left","11":"ast-product-gallery-layout-first-image-large","12":"ast-magnify-disabled","13":"ast-product-tabs-layout-distributed","15":"first","16":"instock","17":"shipping-taxable","18":"purchasable","19":"product-type-simple"},"yoast_head":"<!-- This site is optimized with the Yoast SEO plugin v27.4 - https:\/\/yoast.com\/product\/yoast-seo-wordpress\/ -->\n<title>THE FIRST BOX - 12Blatt<\/title>\n<meta name=\"description\" content=\"Der Designer Fabian Reber gestaltet auf eigenst\u00e4ndige und kreative Art und Weise Kalender neu. Mit minimalistischer Form- und Farbgestaltung erz\u00e4hlt er kleine humoristische Geschichten, passend zum Monat.\" \/>\n<meta name=\"robots\" content=\"index, follow, max-snippet:-1, max-image-preview:large, max-video-preview:-1\" \/>\n<link rel=\"canonical\" href=\"https:\/\/www.12blatt.com\/en\/product\/the-first-box\/\" \/>\n<meta property=\"og:locale\" content=\"en_US\" \/>\n<meta property=\"og:type\" content=\"article\" \/>\n<meta property=\"og:title\" content=\"THE FIRST BOX - 12Blatt\" \/>\n<meta property=\"og:description\" content=\"Der Designer Fabian Reber gestaltet auf eigenst\u00e4ndige und kreative Art und Weise Kalender neu. Mit minimalistischer Form- und Farbgestaltung erz\u00e4hlt er kleine humoristische Geschichten, passend zum Monat.\" \/>\n<meta property=\"og:url\" content=\"https:\/\/www.12blatt.com\/en\/product\/the-first-box\/\" \/>\n<meta property=\"og:site_name\" content=\"12Blatt\" \/>\n<meta property=\"article:publisher\" content=\"https:\/\/www.facebook.com\/12Blatt\" \/>\n<meta property=\"article:modified_time\" content=\"2026-01-08T15:27:10+00:00\" \/>\n<meta property=\"og:image\" content=\"https:\/\/www.12blatt.com\/wp-content\/uploads\/2025\/01\/12Blatt_TheFirst_03_1000x1000_RGB-1.jpg\" \/>\n\t<meta property=\"og:image:width\" content=\"1000\" \/>\n\t<meta property=\"og:image:height\" content=\"1000\" \/>\n\t<meta property=\"og:image:type\" content=\"image\/jpeg\" \/>\n<meta name=\"twitter:card\" content=\"summary_large_image\" \/>\n<meta name=\"twitter:label1\" content=\"Est. reading time\" \/>\n\t<meta name=\"twitter:data1\" content=\"1 minute\" \/>\n<script type=\"application\/ld+json\" class=\"yoast-schema-graph\">{\"@context\":\"https:\\\/\\\/schema.org\",\"@graph\":[{\"@type\":\"WebPage\",\"@id\":\"https:\\\/\\\/www.12blatt.com\\\/product\\\/the-first-box\\\/\",\"url\":\"https:\\\/\\\/www.12blatt.com\\\/product\\\/the-first-box\\\/\",\"name\":\"THE FIRST BOX - 12Blatt\",\"isPartOf\":{\"@id\":\"https:\\\/\\\/www.12blatt.com\\\/#website\"},\"primaryImageOfPage\":{\"@id\":\"https:\\\/\\\/www.12blatt.com\\\/product\\\/the-first-box\\\/#primaryimage\"},\"image\":{\"@id\":\"https:\\\/\\\/www.12blatt.com\\\/product\\\/the-first-box\\\/#primaryimage\"},\"thumbnailUrl\":\"https:\\\/\\\/www.12blatt.com\\\/wp-content\\\/uploads\\\/2025\\\/01\\\/12Blatt_TheFirst_Box_3000x3000_Setwhitbox-scaled.jpg\",\"datePublished\":\"2025-01-23T14:43:59+00:00\",\"dateModified\":\"2026-01-08T15:27:10+00:00\",\"description\":\"Der Designer Fabian Reber gestaltet auf eigenst\u00e4ndige und kreative Art und Weise Kalender neu. Mit minimalistischer Form- und Farbgestaltung erz\u00e4hlt er kleine humoristische Geschichten, passend zum Monat.\",\"breadcrumb\":{\"@id\":\"https:\\\/\\\/www.12blatt.com\\\/product\\\/the-first-box\\\/#breadcrumb\"},\"inLanguage\":\"en-US\",\"potentialAction\":[{\"@type\":\"ReadAction\",\"target\":[\"https:\\\/\\\/www.12blatt.com\\\/product\\\/the-first-box\\\/\"]}]},{\"@type\":\"ImageObject\",\"inLanguage\":\"en-US\",\"@id\":\"https:\\\/\\\/www.12blatt.com\\\/product\\\/the-first-box\\\/#primaryimage\",\"url\":\"https:\\\/\\\/www.12blatt.com\\\/wp-content\\\/uploads\\\/2025\\\/01\\\/12Blatt_TheFirst_Box_3000x3000_Setwhitbox-scaled.jpg\",\"contentUrl\":\"https:\\\/\\\/www.12blatt.com\\\/wp-content\\\/uploads\\\/2025\\\/01\\\/12Blatt_TheFirst_Box_3000x3000_Setwhitbox-scaled.jpg\",\"width\":2560,\"height\":2560,\"caption\":\"Stacked from 2 images. Method=B (R=8,S=4)\"},{\"@type\":\"BreadcrumbList\",\"@id\":\"https:\\\/\\\/www.12blatt.com\\\/product\\\/the-first-box\\\/#breadcrumb\",\"itemListElement\":[{\"@type\":\"ListItem\",\"position\":1,\"name\":\"Home\",\"item\":\"https:\\\/\\\/www.12blatt.com\\\/\"},{\"@type\":\"ListItem\",\"position\":2,\"name\":\"Products\",\"item\":\"https:\\\/\\\/www.12blatt.com\\\/shop\\\/\"},{\"@type\":\"ListItem\",\"position\":3,\"name\":\"THE FIRST BOX\"}]},{\"@type\":\"WebSite\",\"@id\":\"https:\\\/\\\/www.12blatt.com\\\/#website\",\"url\":\"https:\\\/\\\/www.12blatt.com\\\/\",\"name\":\"12Blatt\",\"description\":\"\",\"publisher\":{\"@id\":\"https:\\\/\\\/www.12blatt.com\\\/#organization\"},\"potentialAction\":[{\"@type\":\"SearchAction\",\"target\":{\"@type\":\"EntryPoint\",\"urlTemplate\":\"https:\\\/\\\/www.12blatt.com\\\/?s={search_term_string}\"},\"query-input\":{\"@type\":\"PropertyValueSpecification\",\"valueRequired\":true,\"valueName\":\"search_term_string\"}}],\"inLanguage\":\"en-US\"},{\"@type\":\"Organization\",\"@id\":\"https:\\\/\\\/www.12blatt.com\\\/#organization\",\"name\":\"12Blatt\",\"url\":\"https:\\\/\\\/www.12blatt.com\\\/\",\"logo\":{\"@type\":\"ImageObject\",\"inLanguage\":\"en-US\",\"@id\":\"https:\\\/\\\/www.12blatt.com\\\/#\\\/schema\\\/logo\\\/image\\\/\",\"url\":\"https:\\\/\\\/www.12blatt.com\\\/wp-content\\\/uploads\\\/2025\\\/01\\\/12Blatt_schwarz_Nr3.png\",\"contentUrl\":\"https:\\\/\\\/www.12blatt.com\\\/wp-content\\\/uploads\\\/2025\\\/01\\\/12Blatt_schwarz_Nr3.png\",\"width\":1492,\"height\":368,\"caption\":\"12Blatt\"},\"image\":{\"@id\":\"https:\\\/\\\/www.12blatt.com\\\/#\\\/schema\\\/logo\\\/image\\\/\"},\"sameAs\":[\"https:\\\/\\\/www.facebook.com\\\/12Blatt\",\"https:\\\/\\\/www.instagram.com\\\/12blatt\\\/\"]}]}<\/script>\n<!-- \/ Yoast SEO plugin. -->","yoast_head_json":{"title":"THE FIRST BOX - 12Blatt","description":"Der Designer Fabian Reber gestaltet auf eigenst\u00e4ndige und kreative Art und Weise Kalender neu. Mit minimalistischer Form- und Farbgestaltung erz\u00e4hlt er kleine humoristische Geschichten, passend zum Monat.","robots":{"index":"index","follow":"follow","max-snippet":"max-snippet:-1","max-image-preview":"max-image-preview:large","max-video-preview":"max-video-preview:-1"},"canonical":"https:\/\/www.12blatt.com\/en\/product\/the-first-box\/","og_locale":"en_US","og_type":"article","og_title":"THE FIRST BOX - 12Blatt","og_description":"Der Designer Fabian Reber gestaltet auf eigenst\u00e4ndige und kreative Art und Weise Kalender neu. Mit minimalistischer Form- und Farbgestaltung erz\u00e4hlt er kleine humoristische Geschichten, passend zum Monat.","og_url":"https:\/\/www.12blatt.com\/en\/product\/the-first-box\/","og_site_name":"12Blatt","article_publisher":"https:\/\/www.facebook.com\/12Blatt","article_modified_time":"2026-01-08T15:27:10+00:00","og_image":[{"width":1000,"height":1000,"url":"https:\/\/www.12blatt.com\/wp-content\/uploads\/2025\/01\/12Blatt_TheFirst_03_1000x1000_RGB-1.jpg","type":"image\/jpeg"}],"twitter_card":"summary_large_image","twitter_misc":{"Est. reading time":"1 minute"},"schema":{"@context":"https:\/\/schema.org","@graph":[{"@type":"WebPage","@id":"https:\/\/www.12blatt.com\/product\/the-first-box\/","url":"https:\/\/www.12blatt.com\/product\/the-first-box\/","name":"THE FIRST BOX - 12Blatt","isPartOf":{"@id":"https:\/\/www.12blatt.com\/#website"},"primaryImageOfPage":{"@id":"https:\/\/www.12blatt.com\/product\/the-first-box\/#primaryimage"},"image":{"@id":"https:\/\/www.12blatt.com\/product\/the-first-box\/#primaryimage"},"thumbnailUrl":"https:\/\/www.12blatt.com\/wp-content\/uploads\/2025\/01\/12Blatt_TheFirst_Box_3000x3000_Setwhitbox-scaled.jpg","datePublished":"2025-01-23T14:43:59+00:00","dateModified":"2026-01-08T15:27:10+00:00","description":"Der Designer Fabian Reber gestaltet auf eigenst\u00e4ndige und kreative Art und Weise Kalender neu. Mit minimalistischer Form- und Farbgestaltung erz\u00e4hlt er kleine humoristische Geschichten, passend zum Monat.","breadcrumb":{"@id":"https:\/\/www.12blatt.com\/product\/the-first-box\/#breadcrumb"},"inLanguage":"en-US","potentialAction":[{"@type":"ReadAction","target":["https:\/\/www.12blatt.com\/product\/the-first-box\/"]}]},{"@type":"ImageObject","inLanguage":"en-US","@id":"https:\/\/www.12blatt.com\/product\/the-first-box\/#primaryimage","url":"https:\/\/www.12blatt.com\/wp-content\/uploads\/2025\/01\/12Blatt_TheFirst_Box_3000x3000_Setwhitbox-scaled.jpg","contentUrl":"https:\/\/www.12blatt.com\/wp-content\/uploads\/2025\/01\/12Blatt_TheFirst_Box_3000x3000_Setwhitbox-scaled.jpg","width":2560,"height":2560,"caption":"Stacked from 2 images. Method=B (R=8,S=4)"},{"@type":"BreadcrumbList","@id":"https:\/\/www.12blatt.com\/product\/the-first-box\/#breadcrumb","itemListElement":[{"@type":"ListItem","position":1,"name":"Home","item":"https:\/\/www.12blatt.com\/"},{"@type":"ListItem","position":2,"name":"Products","item":"https:\/\/www.12blatt.com\/shop\/"},{"@type":"ListItem","position":3,"name":"THE FIRST BOX"}]},{"@type":"WebSite","@id":"https:\/\/www.12blatt.com\/#website","url":"https:\/\/www.12blatt.com\/","name":"12Blatt","description":"","publisher":{"@id":"https:\/\/www.12blatt.com\/#organization"},"potentialAction":[{"@type":"SearchAction","target":{"@type":"EntryPoint","urlTemplate":"https:\/\/www.12blatt.com\/?s={search_term_string}"},"query-input":{"@type":"PropertyValueSpecification","valueRequired":true,"valueName":"search_term_string"}}],"inLanguage":"en-US"},{"@type":"Organization","@id":"https:\/\/www.12blatt.com\/#organization","name":"12Blatt","url":"https:\/\/www.12blatt.com\/","logo":{"@type":"ImageObject","inLanguage":"en-US","@id":"https:\/\/www.12blatt.com\/#\/schema\/logo\/image\/","url":"https:\/\/www.12blatt.com\/wp-content\/uploads\/2025\/01\/12Blatt_schwarz_Nr3.png","contentUrl":"https:\/\/www.12blatt.com\/wp-content\/uploads\/2025\/01\/12Blatt_schwarz_Nr3.png","width":1492,"height":368,"caption":"12Blatt"},"image":{"@id":"https:\/\/www.12blatt.com\/#\/schema\/logo\/image\/"},"sameAs":["https:\/\/www.facebook.com\/12Blatt","https:\/\/www.instagram.com\/12blatt\/"]}]}},"uagb_featured_image_src":{"full":["https:\/\/www.12blatt.com\/wp-content\/uploads\/2025\/01\/12Blatt_TheFirst_Box_3000x3000_Setwhitbox-scaled.jpg",2560,2560,false],"thumbnail":["https:\/\/www.12blatt.com\/wp-content\/uploads\/2025\/01\/12Blatt_TheFirst_Box_3000x3000_Setwhitbox-150x150.jpg",150,150,true],"medium":["https:\/\/www.12blatt.com\/wp-content\/uploads\/2025\/01\/12Blatt_TheFirst_Box_3000x3000_Setwhitbox-300x300.jpg",300,300,true],"medium_large":["https:\/\/www.12blatt.com\/wp-content\/uploads\/2025\/01\/12Blatt_TheFirst_Box_3000x3000_Setwhitbox-768x768.jpg",768,768,true],"large":["https:\/\/www.12blatt.com\/wp-content\/uploads\/2025\/01\/12Blatt_TheFirst_Box_3000x3000_Setwhitbox-1024x1024.jpg",1024,1024,true],"1536x1536":["https:\/\/www.12blatt.com\/wp-content\/uploads\/2025\/01\/12Blatt_TheFirst_Box_3000x3000_Setwhitbox-1536x1536.jpg",1536,1536,true],"2048x2048":["https:\/\/www.12blatt.com\/wp-content\/uploads\/2025\/01\/12Blatt_TheFirst_Box_3000x3000_Setwhitbox-2048x2048.jpg",2048,2048,true],"trp-custom-language-flag":["https:\/\/www.12blatt.com\/wp-content\/uploads\/2025\/01\/12Blatt_TheFirst_Box_3000x3000_Setwhitbox-scaled.jpg",12,12,false],"woocommerce_thumbnail":["https:\/\/www.12blatt.com\/wp-content\/uploads\/2025\/01\/12Blatt_TheFirst_Box_3000x3000_Setwhitbox-300x300.jpg",300,300,true],"woocommerce_single":["https:\/\/www.12blatt.com\/wp-content\/uploads\/2025\/01\/12Blatt_TheFirst_Box_3000x3000_Setwhitbox-600x600.jpg",600,600,true],"woocommerce_gallery_thumbnail":["https:\/\/www.12blatt.com\/wp-content\/uploads\/2025\/01\/12Blatt_TheFirst_Box_3000x3000_Setwhitbox-100x100.jpg",100,100,true]},"uagb_author_info":{"display_name":"Fabian Reber","author_link":"https:\/\/www.12blatt.com\/en\/author\/"},"uagb_comment_info":0,"uagb_excerpt":"Wir bieten neu die Serie THE FIRST als Monatskarten an, wieder mit Sujets voller Humor, leuchtenden Farben und minimalistischem Design. Diese sind verpackt in einer edlen weissen Kartonschachtel. Mit der hinter den Karten liegenden R\u00fcckenst\u00fctze l\u00e4sst sich daraus ein Tischkalender erstellen. Anbei sehen Sie die Bilder dieser Kartenserie.","jetpack_sharing_enabled":true,"_links":{"self":[{"href":"https:\/\/www.12blatt.com\/en\/wp-json\/wp\/v2\/product\/2152","targetHints":{"allow":["GET"]}}],"collection":[{"href":"https:\/\/www.12blatt.com\/en\/wp-json\/wp\/v2\/product"}],"about":[{"href":"https:\/\/www.12blatt.com\/en\/wp-json\/wp\/v2\/types\/product"}],"replies":[{"embeddable":true,"href":"https:\/\/www.12blatt.com\/en\/wp-json\/wp\/v2\/comments?post=2152"}],"wp:featuredmedia":[{"embeddable":true,"href":"https:\/\/www.12blatt.com\/en\/wp-json\/wp\/v2\/media\/2154"}],"wp:attachment":[{"href":"https:\/\/www.12blatt.com\/en\/wp-json\/wp\/v2\/media?parent=2152"}],"wp:term":[{"taxonomy":"product_brand","embeddable":true,"href":"https:\/\/www.12blatt.com\/en\/wp-json\/wp\/v2\/product_brand?post=2152"},{"taxonomy":"product_cat","embeddable":true,"href":"https:\/\/www.12blatt.com\/en\/wp-json\/wp\/v2\/product_cat?post=2152"},{"taxonomy":"product_tag","embeddable":true,"href":"https:\/\/www.12blatt.com\/en\/wp-json\/wp\/v2\/product_tag?post=2152"}],"curies":[{"name":"wp","href":"https:\/\/api.w.org\/{rel}","templated":true}]}}